{"id":3,"date":"2024-09-06T17:46:32","date_gmt":"2024-09-06T15:46:32","guid":{"rendered":"http:\/\/support.eprime.it\/?page_id=3"},"modified":"2024-09-09T14:54:45","modified_gmt":"2024-09-09T12:54:45","slug":"privacy-policy","status":"publish","type":"page","link":"https:\/\/support.eprime.it\/index.php\/privacy-policy\/","title":{"rendered":"Privacy Policy"},"content":{"rendered":"\t\t<div data-elementor-type=\"wp-page\" data-elementor-id=\"3\" class=\"elementor elementor-3\">\n\t\t\t\t<div class=\"elementor-element elementor-element-269c94c5 e-flex e-con-boxed e-con e-parent\" data-id=\"269c94c5\" data-element_type=\"container\">\n\t\t\t\t\t<div class=\"e-con-inner\">\n\t\t\t\t<div class=\"elementor-element elementor-element-7bc1a5bd elementor-widget elementor-widget-text-editor\" data-id=\"7bc1a5bd\" data-element_type=\"widget\" data-widget_type=\"text-editor.default\">\n\t\t\t\t<div class=\"elementor-widget-container\">\n\t\t\t\t\t\t\t<div>\n<div>\n<p>PRIVACY POLICY WEBSITE<\/p>\n<p>Informativa resa ai sensi dell&#8217;art. 13 del Regolamento UE 2016\/679<\/p>\n<p>e del D.Lgs. 196\/2003 e s.m.i.<\/p>\n<p>Con la presente comunicazione la scrivente Eprime di Moira D\u2019Aquino &amp; c. snc la informa che i Suoi dati personali o quelli a Lei riferiti o riferibili saranno gestiti dalla scrivente nel pieno rispetto del Regolamento UE 679\/2016 e del D.Lgs. 196\/2003 e s.m.i. per il trattamento dei dati e nel pieno rispetto degli obblighi di riservatezza.<\/p>\n<p>Per Trattamento di dati personali si intende qualunque operazione o complesso di operazioni, effettuati anche senza l&#8217;ausilio di strumenti elettronici, concernenti la raccolta, la registrazione, l\u2019organizzazione, la conservazione, la consultazione, l\u2019elaborazione, la modificazione, la selezione, l\u2019estrazione, il raffronto, l&#8217;utilizzo, l\u2019interconnessione, il blocco, la comunicazione, la diffusione, la cancellazione e la distruzione di dati, anche se non registrati in una banca di dati.<\/p>\n<p>La privacy policy riguarda il trattamento dei dati personali raccolti tramite i siti: www.eprime.it, www.eprime.eu, www.simplefatt.cloud<\/p>\n<p>e relativi domini di terzo livello, per le finalit\u00e0 di seguito specificate e non riguarda informazioni raccolte mediante altre modalit\u00e0 e fonti, salvo che ci\u00f2 non sia espressamente specificato.<\/p>\n<p>Per l\u2019instaurazione e l\u2019esecuzione dei rapporti contrattuali con Voi in corso Eprime di Moira D\u2019Aquino &amp; c. snc \u00e8 Titolare di dati personali e particolari.<\/p>\n<p>In particolare Vi informiamo che ai sensi e per gli effetti dell&#8217;Art. 13 del Regolamento:<\/p>\n<p>Titolare del trattamento<\/p>\n<p>Il Titolare del trattamento, al quale lei potr\u00e0 rivolgersi per far valere i diritti di cui agli artt. 7 e da 15 a 22 del Regolamento, in calce riportati, \u00e8 Eprime di Moira D\u2019Aquino &amp; c. snc, con sede in Via Valdentro 41P \u2013 45026 Lendianra (RO) PIVA 01352370298 nella persona del Legale Rappresentante <em>pro tempore<\/em>; i citati diritti potranno essere da Lei esercitati anche mediante l\u2019invio di comunicazioni al seguente indirizzo di posta elettronica: <span id=\"cloakbc5389e468cc52169fb14d03a8942976\"><a href=\"mailto:info@eprime.it\">info@eprime.it<\/a><\/span><\/p>\n<p>Finalit\u00e0 del trattamento<\/p>\n<p>I dati oggetto di trattamento da parte dell\u2019Impresa sono quelli da Lei direttamente forniti, con l\u2019utilizzo dei servizi offerti dal Sito, alcuni dei quali potrebbero richiedere la Sua registrazione, ovvero quelli che reperiremo direttamente tramite l\u2019installazione di cookies, come meglio descritto nell\u2019apposita informativa.<\/p>\n<p>I dati trattati per queste finalit\u00e0 potranno includere il Suo nome, indirizzo, numero di telefono, indirizzo e-mail, etc.. e saranno oggetto di trattamento per:<\/p>\n<ul>\n<li>la gestione del rapporto con l\u2019impresa per fini commerciali, aventi base giuridica per necessit\u00e0 di esecuzione di misure precontrattuali e contrattuali a Sua richiesta per lo svolgimento dell\u2019attivit\u00e0 di realizzazione e commercializzazione di componenti elettrici di minuterie plastiche e metalliche.<\/li>\n<li>finalit\u00e0 strettamente connesse e strumentali alla gestione del suddetto rapporto (ad es. per l\u2019acquisizione di informazioni precontrattuali e per dare esecuzione ai servizi ed operazioni contrattualmente convenute);<\/li>\n<li>finalit\u00e0 di analisi delle informazioni ottenute al fine della proposizione, mediante l\u2019invio di informative promozionali anche telematiche, di prodotti e servizi ritenuti di Suo interesse;<\/li>\n<li>finalit\u00e0 afferenti il controllo dell\u2019andamento delle relazioni con la clientela e dei controlli dei rischi di credito e frodi connessi ai servizi prestati dall\u2019impresa;<\/li>\n<li>finalit\u00e0 connesse agli obblighi di legge ed alle istruzioni delle Autorit\u00e0 pubbliche o degli organi di Vigilanza, aventi base giuridica nelle necessit\u00e0 di adempiere ad obblighi legali;<\/li>\n<li>finalit\u00e0 di marketing, per inviarLe via e-mail, posta e\/o sms e\/o contatti telefonici, newsletter, comunicazioni commerciali e\/o materiale pubblicitario su prodotti o servizi offerti dal Titolare e rilevazione del grado di soddisfazione sulla qualit\u00e0 dei servizi;<\/li>\n<li>ottemperare quanto obbligatorio per legge.<\/li>\n<\/ul>\n<p>\u00a0<\/p>\n<p>Modalit\u00e0 di trattamento e conservazione<\/p>\n<p>Il trattamento dei Vostri dati personali \u00e8 realizzato per mezzo delle operazioni indicate all\u2019art. 4 punto 2 del Regolamento e precisamente: raccolta, registrazione, organizzazione, conservazione, consultazione, elaborazione, modificazione, selezione, estrazione, raffronto, utilizzo, interconnessione, blocco, comunicazione, cancellazione e distruzione dei dati. Il trattamento sar\u00e0 svolto in forma automatizzata e\/o manuale, nel rispetto di quanto previsto dall\u2019art. 32 del Regolamento in materia di misure di sicurezza, ad opera di soggetti appositamente incaricati e in ottemperanza a quanto previsto dall\u2019art. 29 del Regolamento.<\/p>\n<p>La gestione delle Comunicazioni elettroniche e il trattamento dei Vostri dati personali \u00e8 realizzato nel rispetto del TITOLO X &#8211; Capo I del D.Lgs. 196\/2003 e s.m.i..<\/p>\n<p>Il Titolare tratter\u00e0 i dati personali per il tempo necessario per adempiere alle finalit\u00e0 di cui sopra e per la regolare esecuzione delle attivit\u00e0 in essere.<\/p>\n<p>In relazione alle indicate finalit\u00e0 i dati da Lei forniti in via telematica mediante la compilazione dei moduli predisposti nel dominio www.eprime.it saranno oggetto di trattamento informatico e cartaceo ed elaborati da apposite procedure informatiche al fine della personalizzazione dei servizi che l\u2019impresa \u00e8 in grado di offrirle e saranno trattati da parte di soggetti autorizzati ed opportunamente istruiti in materia di tutela della privacy, con impiego di misure di sicurezza atte, tra l&#8217;altro, a garantirne: la riservatezza dei Suoi dati personali; la sicurezza dei Suoi dati personali, impedendo, ad esempio l&#8217;accesso a soggetti non autorizzati.<\/p>\n<p>Il trattamento dei dati avverr\u00e0 in modo da garantirne la sicurezza logica e fisica e la riservatezza e potr\u00e0 essere effettuato attraverso strumenti atti a memorizzare, trasmettere e condividere i dati stessi.<\/p>\n<p>Ambito di comunicazione e diffusione<\/p>\n<p>I dati potranno essere resi accessibili, per le comunicazioni e diffusioni effettuate in esecuzione di obblighi di legge e contrattuali, a dipendenti e collaboratori del Titolare del trattamento, nella loro qualit\u00e0 di Incaricati e\/o Responsabili interni del trattamento e\/o Amministratori di sistema, a societ\u00e0 terze o altri soggetti che svolgono attivit\u00e0 in outsourcing per conto del Titolare, nella loro qualit\u00e0 di Responsabili esterni del trattamento.<\/p>\n<p>Tutti i dati personali verranno trattati per la durata dei rapporti contrattuali instaurati e anche successivamente per l\u2019espletamento di tutti gli adempimenti di legge nonch\u00e9 per future finalit\u00e0 commerciali.<\/p>\n<p>Nel rispetto dell\u2019art. 7 del Regolamento e dell\u2019art. 130 del D.Lgs. 196\/2003 e s.m.i. l\u2019Impresa scrivente, avrebbe il piacere di inviarVi comunicazioni commerciali mediante l\u2019utilizzo del Vostro numero di telefax o indirizzo e-mail; le Vostre coordinate di posta elettronica da Voi forniteci nel contesto dei nostri precedenti rapporti commerciali, saranno utilizzate per l\u2019invio di comunicazioni salvo Vostro esplicito rifiuto in tal senso che potrete comunicarci anche a mezzo mail all\u2019indirizzo: <span id=\"cloak9dee14b2e16e7fc1ab8b588bf491fba1\"><a href=\"mailto:info@eprime.it\">info@eprime.it<\/a><\/span><\/p>\n<p>I domini contengono collegamenti ipertestuali che non costituiscono comunicazione ad altri domini; l\u2019impresa non \u00e8 responsabile per eventuali violazioni della privacy effettuate in Suo danno da tali siti.<\/p>\n<p>Trasferimento dei dati personali<\/p>\n<p>Ai sensi degli artt. 44 e ss. del Regolamento, al fine di garantire la regolare gestione dei dati personali oggetto del trattamento, l\u2019Impresa potr\u00e0, acquisito il Suo espresso consenso, per le finalit\u00e0 e con le modalit\u00e0 rese nella presente informativa, trasferire i Suoi dati personali sia in Stati membri dell\u2019Unione Europea, sia in Paesi terzi non appartenenti all\u2019Unione Europea.<\/p>\n<p>Esistenza di un processo decisionale automatizzato, compresa la profilazione<\/p>\n<p>L\u2019impresa non adotta alcun processo decisionale automatizzato, compresa la profilazione, di cui all\u2019articolo 22, paragrafi 1 e 4, del Regolamento.<\/p>\n<p>\u00a0<\/p>\n<p>Cookies.<\/p>\n<p>I cookies sono piccoli file di testo che il Sito (quello che Lei sta visitando) invia al Suo terminale, dove vengono memorizzati per essere poi ritrasmessi al Sito stesso alla Sua successiva visita. Nel corso della navigazione, Lei potr\u00e0 ricevere sul Suo terminale anche cookies di siti o di web server diversi da quelli riconducibili a TFSI (c.d. cookies di &#8220;terze parti\u201d).<\/p>\n<p>Informazioni pi\u00f9 dettagliate sull\u2019uso dei cookies all\u2019interno del nostro sito web sono reperibili all\u2019interno dell\u2019informativa sui cookies presente al link: www.eprime.it<\/p>\n<p>Diritti dell\u2019interessato<\/p>\n<p>In ogni momento, Lei potr\u00e0 esercitare, ai sensi degli articoli dal 15 al 22 del Regolamento UE 679\/2016, il diritto di:<\/p>\n<ol>\n<li>a) chiedere la conferma dell\u2019esistenza o meno di propri dati personali;<\/li>\n<li>b) ottenere le indicazioni circa le finalit\u00e0 del trattamento, le categorie dei dati personali, i destinatari o le categorie di destinatari a cui i dati personali sono stati o saranno comunicati e, quando possibile, il periodo di conservazione;<\/li>\n<li>c) ottenere la rettifica e la cancellazione dei dati;<\/li>\n<li>d) ottenere la limitazione del trattamento;<\/li>\n<li>e) ottenere la portabilit\u00e0 dei dati, ossia riceverli da un titolare del trattamento, in un formato strutturato, di uso comune e leggibile da dispositivo automatico, e trasmetterli ad un altro titolare del trattamento senza impedimenti;<\/li>\n<li>f) opporsi al trattamento in qualsiasi momento ed anche nel caso di trattamento per finalit\u00e0 di marketing diretto;<\/li>\n<li>g) opporsi ad un processo decisionale automatizzato relativo alle persone \ufb01siche, compresa la profilazione.<\/li>\n<li>h) chiedere al titolare del trattamento l\u2019accesso ai dati personali e la rettifica o la cancellazione degli stessi o la limitazione del trattamento che lo riguardano o di opporsi al loro trattamento, oltre al diritto alla portabilit\u00e0 dei dati;<\/li>\n<li>i) revocare il consenso in qualsiasi momento senza pregiudicare la liceit\u00e0 del trattamento basata sul consenso prestato prima della revoca;<\/li>\n<li>j) proporre reclamo a un\u2019autorit\u00e0 di controllo.<\/li>\n<\/ol>\n<p>Modalit\u00e0 di esercizio dei diritti<\/p>\n<p>Potrete in qualsiasi momento esercitare i diritti del consenso inviando:<\/p>\n<ul>\n<li>una raccomandata A.R.: Eprime di Moira D\u2019Aquino &amp; c. snc, con sede in Via Valdentro 41P \u2013 45026 Lendianra (RO)<\/li>\n<li>una PEC all\u2019indirizzo: <span id=\"cloak59acab435fcada2521e4835c5c6b32bb\"><a href=\"mailto:eprime@pec.aruba.it\">eprime@pec.aruba.it<\/a><\/span><\/li>\n<li>una e-mail all\u2019indirizzo: <span id=\"cloak977ae9a19615f810988bb87b4001253c\"><a href=\"mailto:info@eprime.it\">info@eprime.it<\/a><\/span><\/li>\n<\/ul>\n<p>Modalit\u00e0 di revoca del consenso al trattamento dei dati<\/p>\n<p>Nella comunicazione necessaria per la revoca dovranno essere riportate le seguenti informazioni:<\/p>\n<ul>\n<li>nome<\/li>\n<li>cognome<\/li>\n<li>ragione sociale<\/li>\n<li>indirizzo<\/li>\n<li>indirizzo e-mail<\/li>\n<li>codice fiscale<\/li>\n<\/ul>\n<p>indicando la dicitura &#8220;REVOCA DEL CONSENSO AL TRATTAMENTO DEI DATI&#8221;.<\/p>\n<p>Oltre ai diritti di cui sopra, Lei potr\u00e0 in qualsiasi caso esercitare il diritto di proporre reclamo per qualsiasi questione riguardante il trattamento dei Suoi Dati Personali dinanzi all\u2019Autorit\u00e0 di Controllo &#8211; Garante per la Protezione dei Dati Personali.<\/p>\n<\/div>\n<\/div>\t\t\t\t\t\t<\/div>\n\t\t\t\t<\/div>\n\t\t\t\t\t<\/div>\n\t\t\t\t<\/div>\n\t\t\t\t<\/div>\n\t\t","protected":false},"excerpt":{"rendered":"<p>PRIVACY POLICY WEBSITE Informativa resa ai sensi dell&#8217;art. 13 del Regolamento UE 2016\/679 e del D.Lgs. 196\/2003 e s.m.i. Con [&hellip;]<\/p>\n","protected":false},"author":1,"featured_media":0,"parent":0,"menu_order":0,"comment_status":"closed","ping_status":"open","template":"","meta":{"_acf_changed":false,"_uag_custom_page_level_css":"","site-sidebar-layout":"default","site-content-layout":"","ast-site-content-layout":"","site-content-style":"default","site-sidebar-style":"default","ast-global-header-display":"","ast-banner-title-visibility":"","ast-main-header-display":"","ast-hfb-above-header-display":"","ast-hfb-below-header-display":"","ast-hfb-mobile-header-display":"","site-post-title":"","ast-breadcrumbs-content":"","ast-featured-img":"","footer-sml-layout":"","theme-transparent-header-meta":"","adv-header-id-meta":"","stick-header-meta":"","header-above-stick-meta":"","header-main-stick-meta":"","header-below-stick-meta":"","astra-migrate-meta-layouts":"default","ast-page-background-enabled":"default","ast-page-background-meta":{"desktop":{"background-color":"var(--ast-global-color-4)","background-image":"","background-repeat":"repeat","background-position":"center center","background-size":"auto","background-attachment":"scroll","background-type":"","background-media":"","overlay-type":"","overlay-color":"","overlay-opacity":"","overlay-gradient":""},"tablet":{"background-color":"","background-image":"","background-repeat":"repeat","background-position":"center center","background-size":"auto","background-attachment":"scroll","background-type":"","background-media":"","overlay-type":"","overlay-color":"","overlay-opacity":"","overlay-gradient":""},"mobile":{"background-color":"","background-image":"","background-repeat":"repeat","background-position":"center center","background-size":"auto","background-attachment":"scroll","background-type":"","background-media":"","overlay-type":"","overlay-color":"","overlay-opacity":"","overlay-gradient":""}},"ast-content-background-meta":{"desktop":{"background-color":"var(--ast-global-color-5)","background-image":"","background-repeat":"repeat","background-position":"center center","background-size":"auto","background-attachment":"scroll","background-type":"","background-media":"","overlay-type":"","overlay-color":"","overlay-opacity":"","overlay-gradient":""},"tablet":{"background-color":"var(--ast-global-color-5)","background-image":"","background-repeat":"repeat","background-position":"center center","background-size":"auto","background-attachment":"scroll","background-type":"","background-media":"","overlay-type":"","overlay-color":"","overlay-opacity":"","overlay-gradient":""},"mobile":{"background-color":"var(--ast-global-color-5)","background-image":"","background-repeat":"repeat","background-position":"center center","background-size":"auto","background-attachment":"scroll","background-type":"","background-media":"","overlay-type":"","overlay-color":"","overlay-opacity":"","overlay-gradient":""}},"footnotes":""},"class_list":["post-3","page","type-page","status-publish","hentry"],"acf":[],"uagb_featured_image_src":{"full":false,"thumbnail":false,"medium":false,"medium_large":false,"large":false,"1536x1536":false,"2048x2048":false},"uagb_author_info":{"display_name":"eprime","author_link":"https:\/\/support.eprime.it\/index.php\/profile\/eprime\/"},"uagb_comment_info":0,"uagb_excerpt":"PRIVACY POLICY WEBSITE Informativa resa ai sensi dell&#8217;art. 13 del Regolamento UE 2016\/679 e del D.Lgs. 196\/2003 e s.m.i. Con [&hellip;]","_links":{"self":[{"href":"https:\/\/support.eprime.it\/index.php\/wp-json\/wp\/v2\/pages\/3","targetHints":{"allow":["GET"]}}],"collection":[{"href":"https:\/\/support.eprime.it\/index.php\/wp-json\/wp\/v2\/pages"}],"about":[{"href":"https:\/\/support.eprime.it\/index.php\/wp-json\/wp\/v2\/types\/page"}],"author":[{"embeddable":true,"href":"https:\/\/support.eprime.it\/index.php\/wp-json\/wp\/v2\/users\/1"}],"replies":[{"embeddable":true,"href":"https:\/\/support.eprime.it\/index.php\/wp-json\/wp\/v2\/comments?post=3"}],"version-history":[{"count":3,"href":"https:\/\/support.eprime.it\/index.php\/wp-json\/wp\/v2\/pages\/3\/revisions"}],"predecessor-version":[{"id":63,"href":"https:\/\/support.eprime.it\/index.php\/wp-json\/wp\/v2\/pages\/3\/revisions\/63"}],"wp:attachment":[{"href":"https:\/\/support.eprime.it\/index.php\/wp-json\/wp\/v2\/media?parent=3"}],"curies":[{"name":"wp","href":"https:\/\/api.w.org\/{rel}","templated":true}]}}