{"id":52,"date":"2024-09-09T09:40:13","date_gmt":"2024-09-09T07:40:13","guid":{"rendered":"https:\/\/support.eprime.it\/?page_id=52"},"modified":"2024-09-09T09:40:13","modified_gmt":"2024-09-09T07:40:13","slug":"home","status":"publish","type":"page","link":"https:\/\/support.eprime.it\/","title":{"rendered":"Home"},"content":{"rendered":"\n<p><strong>Benvenuti al Supporto Tecnico di EPRIME<\/strong><\/p>\n\n\n\n<p>La tua esperienza \u00e8 la nostra priorit\u00e0. Il nostro team di supporto tecnico \u00e8 qui per assisterti con qualsiasi esigenza legata ai nostri prodotti e servizi. Che tu abbia bisogno di assistenza tecnica, domande su come utilizzare i nostri prodotti, o risolvere un problema, siamo pronti ad aiutarti.<\/p>\n\n\n\n<p><strong>Come possiamo aiutarti oggi?<\/strong><\/p>\n\n\n\n<ol class=\"wp-block-list\">\n<li><strong>Crea un ticket di supporto<\/strong> per segnalare un problema o fare una domanda.<\/li>\n\n\n\n<li>Consulta le nostre <strong>guide e risorse<\/strong> per trovare risposte rapide.<\/li>\n\n\n\n<li>Contatta il nostro team per <strong>assistenza personalizzata<\/strong>.<\/li>\n<\/ol>\n","protected":false},"excerpt":{"rendered":"<p>Benvenuti al Supporto Tecnico di EPRIME La tua esperienza \u00e8 la nostra priorit\u00e0. Il nostro team di supporto tecnico \u00e8 [&hellip;]<\/p>\n","protected":false},"author":1,"featured_media":0,"parent":0,"menu_order":0,"comment_status":"closed","ping_status":"closed","template":"","meta":{"_acf_changed":false,"_uag_custom_page_level_css":"","site-sidebar-layout":"default","site-content-layout":"","ast-site-content-layout":"","site-content-style":"default","site-sidebar-style":"default","ast-global-header-display":"","ast-banner-title-visibility":"","ast-main-header-display":"","ast-hfb-above-header-display":"","ast-hfb-below-header-display":"","ast-hfb-mobile-header-display":"","site-post-title":"","ast-breadcrumbs-content":"","ast-featured-img":"","footer-sml-layout":"","theme-transparent-header-meta":"","adv-header-id-meta":"","stick-header-meta":"","header-above-stick-meta":"","header-main-stick-meta":"","header-below-stick-meta":"","astra-migrate-meta-layouts":"default","ast-page-background-enabled":"default","ast-page-background-meta":{"desktop":{"background-color":"var(--ast-global-color-4)","background-image":"","background-repeat":"repeat","background-position":"center center","background-size":"auto","background-attachment":"scroll","background-type":"","background-media":"","overlay-type":"","overlay-color":"","overlay-opacity":"","overlay-gradient":""},"tablet":{"background-color":"","background-image":"","background-repeat":"repeat","background-position":"center center","background-size":"auto","background-attachment":"scroll","background-type":"","background-media":"","overlay-type":"","overlay-color":"","overlay-opacity":"","overlay-gradient":""},"mobile":{"background-color":"","background-image":"","background-repeat":"repeat","background-position":"center center","background-size":"auto","background-attachment":"scroll","background-type":"","background-media":"","overlay-type":"","overlay-color":"","overlay-opacity":"","overlay-gradient":""}},"ast-content-background-meta":{"desktop":{"background-color":"var(--ast-global-color-5)","background-image":"","background-repeat":"repeat","background-position":"center center","background-size":"auto","background-attachment":"scroll","background-type":"","background-media":"","overlay-type":"","overlay-color":"","overlay-opacity":"","overlay-gradient":""},"tablet":{"background-color":"var(--ast-global-color-5)","background-image":"","background-repeat":"repeat","background-position":"center center","background-size":"auto","background-attachment":"scroll","background-type":"","background-media":"","overlay-type":"","overlay-color":"","overlay-opacity":"","overlay-gradient":""},"mobile":{"background-color":"var(--ast-global-color-5)","background-image":"","background-repeat":"repeat","background-position":"center center","background-size":"auto","background-attachment":"scroll","background-type":"","background-media":"","overlay-type":"","overlay-color":"","overlay-opacity":"","overlay-gradient":""}},"footnotes":""},"class_list":["post-52","page","type-page","status-publish","hentry"],"acf":[],"uagb_featured_image_src":{"full":false,"thumbnail":false,"medium":false,"medium_large":false,"large":false,"1536x1536":false,"2048x2048":false},"uagb_author_info":{"display_name":"eprime","author_link":"https:\/\/support.eprime.it\/index.php\/profile\/eprime\/"},"uagb_comment_info":0,"uagb_excerpt":"Benvenuti al Supporto Tecnico di EPRIME La tua esperienza \u00e8 la nostra priorit\u00e0. Il nostro team di supporto tecnico \u00e8 [&hellip;]","_links":{"self":[{"href":"https:\/\/support.eprime.it\/index.php\/wp-json\/wp\/v2\/pages\/52","targetHints":{"allow":["GET"]}}],"collection":[{"href":"https:\/\/support.eprime.it\/index.php\/wp-json\/wp\/v2\/pages"}],"about":[{"href":"https:\/\/support.eprime.it\/index.php\/wp-json\/wp\/v2\/types\/page"}],"author":[{"embeddable":true,"href":"https:\/\/support.eprime.it\/index.php\/wp-json\/wp\/v2\/users\/1"}],"replies":[{"embeddable":true,"href":"https:\/\/support.eprime.it\/index.php\/wp-json\/wp\/v2\/comments?post=52"}],"version-history":[{"count":1,"href":"https:\/\/support.eprime.it\/index.php\/wp-json\/wp\/v2\/pages\/52\/revisions"}],"predecessor-version":[{"id":53,"href":"https:\/\/support.eprime.it\/index.php\/wp-json\/wp\/v2\/pages\/52\/revisions\/53"}],"wp:attachment":[{"href":"https:\/\/support.eprime.it\/index.php\/wp-json\/wp\/v2\/media?parent=52"}],"curies":[{"name":"wp","href":"https:\/\/api.w.org\/{rel}","templated":true}]}}